{"id":7423,"date":"2023-12-07T14:42:31","date_gmt":"2023-12-07T13:42:31","guid":{"rendered":"https:\/\/kofra.si\/cookies\/"},"modified":"2024-01-15T10:12:23","modified_gmt":"2024-01-15T09:12:23","slug":"cookies","status":"publish","type":"page","link":"https:\/\/kofra.si\/de\/cookies\/","title":{"rendered":"Cookies"},"content":{"rendered":"\t\t<div data-elementor-type=\"wp-page\" data-elementor-id=\"7423\" class=\"elementor elementor-7423 elementor-6432\" data-elementor-post-type=\"page\">\n\t\t\t\t\t\t<section class=\"elementor-section elementor-top-section elementor-element elementor-element-3643de7 elementor-section-full_width elementor-section-height-default elementor-section-height-default\" data-id=\"3643de7\" data-element_type=\"section\" data-e-type=\"section\" data-settings=\"{&quot;background_background&quot;:&quot;classic&quot;,&quot;shape_divider_bottom&quot;:&quot;opacity-tilt&quot;}\">\n\t\t\t\t\t\t\t<div class=\"elementor-background-overlay\"><\/div>\n\t\t\t\t\t\t<div class=\"elementor-shape elementor-shape-bottom\" aria-hidden=\"true\" data-negative=\"false\">\n\t\t\t<svg xmlns=\"http:\/\/www.w3.org\/2000\/svg\" viewBox=\"0 0 2600 131.1\" preserveAspectRatio=\"none\">\n\t<path class=\"elementor-shape-fill\" d=\"M0 0L2600 0 2600 69.1 0 0z\"\/>\n\t<path class=\"elementor-shape-fill\" style=\"opacity:0.5\" d=\"M0 0L2600 0 2600 69.1 0 69.1z\"\/>\n\t<path class=\"elementor-shape-fill\" style=\"opacity:0.25\" d=\"M2600 0L0 0 0 130.1 2600 69.1z\"\/>\n<\/svg>\t\t<\/div>\n\t\t\t\t\t<div class=\"elementor-container elementor-column-gap-no\">\n\t\t\t\t\t<div class=\"elementor-column elementor-col-100 elementor-top-column elementor-element elementor-element-e5a2303\" data-id=\"e5a2303\" data-element_type=\"column\" data-e-type=\"column\">\n\t\t\t<div class=\"elementor-widget-wrap elementor-element-populated\">\n\t\t\t\t\t\t<div class=\"elementor-element elementor-element-69aa767 elementor-widget elementor-widget-heading\" data-id=\"69aa767\" data-element_type=\"widget\" data-e-type=\"widget\" data-widget_type=\"heading.default\">\n\t\t\t\t<div class=\"elementor-widget-container\">\n\t\t\t\t\t<h2 class=\"elementor-heading-title elementor-size-default\">Cookies<\/h2>\t\t\t\t<\/div>\n\t\t\t\t<\/div>\n\t\t\t\t<div class=\"elementor-element elementor-element-4e50472 elementor-widget elementor-widget-text-editor\" data-id=\"4e50472\" data-element_type=\"widget\" data-e-type=\"widget\" data-widget_type=\"text-editor.default\">\n\t\t\t\t<div class=\"elementor-widget-container\">\n\t\t\t\t\t\t\t\t\t<p>F\u00fcr ein besseres Benutzererlebnis auf unserer Website.<\/p>\n\t\t\t\t\t\t\t\t<\/div>\n\t\t\t\t<\/div>\n\t\t\t\t\t<\/div>\n\t\t<\/div>\n\t\t\t\t\t<\/div>\n\t\t<\/section>\n\t\t<div class=\"elementor-element elementor-element-80f2d08 e-flex e-con-boxed e-con e-parent\" data-id=\"80f2d08\" data-element_type=\"container\" data-e-type=\"container\">\n\t\t\t\t\t<div class=\"e-con-inner\">\n\t\t\t\t<div class=\"elementor-element elementor-element-63d5ea5 elementor-invisible elementor-widget elementor-widget-heading\" data-id=\"63d5ea5\" data-element_type=\"widget\" data-e-type=\"widget\" data-settings=\"{&quot;_animation&quot;:&quot;fadeInUp&quot;}\" data-widget_type=\"heading.default\">\n\t\t\t\t<div class=\"elementor-widget-container\">\n\t\t\t\t\t<h2 class=\"elementor-heading-title elementor-size-default\">Cookies: Richtlinien und Informationen<\/h2>\t\t\t\t<\/div>\n\t\t\t\t<\/div>\n\t\t\t\t<div class=\"elementor-element elementor-element-1479cd4 elementor-invisible elementor-widget elementor-widget-text-editor\" data-id=\"1479cd4\" data-element_type=\"widget\" data-e-type=\"widget\" data-settings=\"{&quot;_animation&quot;:&quot;fadeInUp&quot;}\" data-widget_type=\"text-editor.default\">\n\t\t\t\t<div class=\"elementor-widget-container\">\n\t\t\t\t\t\t\t\t\t<p>Um Ihre Benutzererfahrung auf unserer Website zu verbessern und sie angenehmer zu gestalten, verwenden wir die Technologie &#8222;Cookies&#8220;.<\/p>\n<p><strong>G\u00fcltig ab: <\/strong>11.12.2023<\/p>\n<p><strong>Zuletzt aktualisiert:<\/strong> 14.12.2023<\/p>\n<p>Diese Richtlinie zu Internet-Cookies erl\u00e4utert, was Cookies sind, wie wir sie verwenden, die Arten von Cookies, die wir verwenden (d.h., Informationen, die wir mit Cookies sammeln und wie diese Informationen verwendet werden), und wie Sie die Cookie-Einstellungen verwalten k\u00f6nnen.<\/p>\n\t\t\t\t\t\t\t\t<\/div>\n\t\t\t\t<\/div>\n\t\t\t\t<div class=\"elementor-element elementor-element-4c9db8b elementor-invisible elementor-widget elementor-widget-heading\" data-id=\"4c9db8b\" data-element_type=\"widget\" data-e-type=\"widget\" data-settings=\"{&quot;_animation&quot;:&quot;fadeInUp&quot;}\" data-widget_type=\"heading.default\">\n\t\t\t\t<div class=\"elementor-widget-container\">\n\t\t\t\t\t<h2 class=\"elementor-heading-title elementor-size-default\">Was sind Cookies?<\/h2>\t\t\t\t<\/div>\n\t\t\t\t<\/div>\n\t\t\t\t<div class=\"elementor-element elementor-element-6257ef2 elementor-invisible elementor-widget elementor-widget-text-editor\" data-id=\"6257ef2\" data-element_type=\"widget\" data-e-type=\"widget\" data-settings=\"{&quot;_animation&quot;:&quot;fadeInUp&quot;}\" data-widget_type=\"text-editor.default\">\n\t\t\t\t<div class=\"elementor-widget-container\">\n\t\t\t\t\t\t\t\t\t<p>Cookies sind kleine Datenpakete, die einen Vergleich zwischen neuen und fr\u00fcheren Besuchern erm\u00f6glichen und uns dabei helfen zu verstehen, wie Benutzer unsere Website nutzen. Diese Daten erm\u00f6glichen es uns, zuk\u00fcnftige Besuche und die Benutzererfahrung zu verbessern. Sie werden auf Ihrem Ger\u00e4t gespeichert, wenn die Website in Ihrem Browser geladen wird.<\/p>\n\t\t\t\t\t\t\t\t<\/div>\n\t\t\t\t<\/div>\n\t\t\t\t<div class=\"elementor-element elementor-element-958723b elementor-widget elementor-widget-image\" data-id=\"958723b\" data-element_type=\"widget\" data-e-type=\"widget\" data-widget_type=\"image.default\">\n\t\t\t\t<div class=\"elementor-widget-container\">\n\t\t\t\t\t\t\t\t\t\t\t\t\t\t\t\t<a href=\"https:\/\/kofra.si\/wp-content\/uploads\/2023\/12\/Spletni-piskotki-politika-Kofra-livarna-doo.png\" data-elementor-open-lightbox=\"yes\" data-elementor-lightbox-title=\"Spletni-piskotki-politika-Kofra-livarna-doo\" data-e-action-hash=\"#elementor-action%3Aaction%3Dlightbox%26settings%3DeyJpZCI6NzIxMSwidXJsIjoiaHR0cHM6XC9cL2tvZnJhLnNpXC93cC1jb250ZW50XC91cGxvYWRzXC8yMDIzXC8xMlwvU3BsZXRuaS1waXNrb3RraS1wb2xpdGlrYS1Lb2ZyYS1saXZhcm5hLWRvby5wbmcifQ%3D%3D\">\n\t\t\t\t\t\t\t<img fetchpriority=\"high\" decoding=\"async\" width=\"294\" height=\"300\" src=\"https:\/\/kofra.si\/wp-content\/uploads\/2023\/12\/Spletni-piskotki-politika-Kofra-livarna-doo-294x300.png\" class=\"attachment-medium size-medium wp-image-7211\" alt=\"\" srcset=\"https:\/\/kofra.si\/wp-content\/uploads\/2023\/12\/Spletni-piskotki-politika-Kofra-livarna-doo-294x300.png 294w, https:\/\/kofra.si\/wp-content\/uploads\/2023\/12\/Spletni-piskotki-politika-Kofra-livarna-doo.png 502w\" sizes=\"(max-width: 294px) 100vw, 294px\" \/>\t\t\t\t\t\t\t\t<\/a>\n\t\t\t\t\t\t\t\t\t\t\t\t\t\t\t<\/div>\n\t\t\t\t<\/div>\n\t\t\t\t<div class=\"elementor-element elementor-element-8ba6f3f elementor-invisible elementor-widget elementor-widget-heading\" data-id=\"8ba6f3f\" data-element_type=\"widget\" data-e-type=\"widget\" data-settings=\"{&quot;_animation&quot;:&quot;fadeInUp&quot;}\" data-widget_type=\"heading.default\">\n\t\t\t\t<div class=\"elementor-widget-container\">\n\t\t\t\t\t<h2 class=\"elementor-heading-title elementor-size-default\">Warum und wie verwenden wir Cookies?<\/h2>\t\t\t\t<\/div>\n\t\t\t\t<\/div>\n\t\t\t\t<div class=\"elementor-element elementor-element-38c0374 elementor-invisible elementor-widget elementor-widget-text-editor\" data-id=\"38c0374\" data-element_type=\"widget\" data-e-type=\"widget\" data-settings=\"{&quot;_animation&quot;:&quot;fadeInUp&quot;}\" data-widget_type=\"text-editor.default\">\n\t\t\t\t<div class=\"elementor-widget-container\">\n\t\t\t\t\t\t\t\t\t<p>Wir verwenden Cookies, um die Benutzererfahrung unserer Besucher zu verbessern. Wir versuchen herauszufinden, welche Inhalte auf unserer Website Sie interessieren, damit wir Ihnen beim n\u00e4chsten Besuch relevantere Informationen bieten k\u00f6nnen. Cookies enthalten keine Informationen, die die Identifizierung von Einzelpersonen erm\u00f6glichen, da wir nur verschl\u00fcsselte Daten verwenden, die durch Cookies gewonnen werden. Cookies helfen uns auch dabei, dass die Website ordnungsgem\u00e4\u00df funktioniert. Sie machen sie sicherer, bieten eine bessere Benutzererfahrung und helfen uns zu verstehen, wie die Website funktioniert und zu analysieren, was funktioniert und wo Verbesserungen erforderlich sind.<\/p>\n\t\t\t\t\t\t\t\t<\/div>\n\t\t\t\t<\/div>\n\t\t\t\t<div class=\"elementor-element elementor-element-7d9e3a6 elementor-invisible elementor-widget elementor-widget-heading\" data-id=\"7d9e3a6\" data-element_type=\"widget\" data-e-type=\"widget\" data-settings=\"{&quot;_animation&quot;:&quot;fadeInUp&quot;}\" data-widget_type=\"heading.default\">\n\t\t\t\t<div class=\"elementor-widget-container\">\n\t\t\t\t\t<h2 class=\"elementor-heading-title elementor-size-default\">Arten von Cookies, die wir verwenden, und Cookie-Einstellungen:<\/h2>\t\t\t\t<\/div>\n\t\t\t\t<\/div>\n\t\t\t\t<div class=\"elementor-element elementor-element-01fdfe6 elementor-widget elementor-widget-text-editor\" data-id=\"01fdfe6\" data-element_type=\"widget\" data-e-type=\"widget\" data-widget_type=\"text-editor.default\">\n\t\t\t\t<div class=\"elementor-widget-container\">\n\t\t\t\t\t\t\t\t\t<style>\r\n    a.cky-banner-element {<br \/>        padding: 8px 30px;<br \/>        background: #F8F9FA;<br \/>        color: #858A8F;<br \/>        border: 1px solid #DEE2E6;<br \/>        box-sizing: border-box;<br \/>        border-radius: 2px;<br \/>        cursor: pointer;<br \/>}<br \/><\/style>\r\n<div class=\"cookie-policy-p\">\r\n\r\n<span style=\"font-size: 1.2em; font-weight: bold;\">Arten von Cookies, die wir verwenden:<\/span>\r\n\r\n<\/div>\r\n<div class=\"cky-audit-table-element\"><\/div>\r\n<h5 style=\"margin-bottom: 20px;\">Cookie-Einstellungen:<\/h5>\r\n<a class=\"cky-banner-element\">Cookies jetzt einstellen!!<\/a>\r\n<div>\r\n\r\nSie k\u00f6nnen die Cookie-Einstellungen jederzeit durch Klicken auf die obige Schaltfl\u00e4che \u00e4ndern. Dadurch haben Sie die M\u00f6glichkeit, das Cookie-Zustimmungs-Banner zu \u00fcberpr\u00fcfen, Ihre Einstellungen zu \u00e4ndern oder Ihre Zustimmung sofort zu widerrufen.\r\n\r\nDar\u00fcber hinaus bieten verschiedene Browser unterschiedliche Methoden zum Blockieren und L\u00f6schen von Cookies, die von Websites verwendet werden. Sie k\u00f6nnen die Einstellungen Ihres Browsers \u00e4ndern, um Cookies zu blockieren\/l\u00f6schen. Unten finden Sie Links zu Support, die Ihnen bei der Verwaltung und L\u00f6schung von Cookies in den wichtigsten Webbrowsern helfen.\r\n\r\nChrome: <a href=\"https:\/\/support.google.com\/accounts\/answer\/32050\" target=\"_new\" rel=\"noopener\">https:\/\/support.google.com\/accounts\/answer\/32050<\/a>\r\n\r\nSafari: <a href=\"https:\/\/support.apple.com\/en-in\/guide\/safari\/sfri11471\/mac\" target=\"_new\" rel=\"noopener\">https:\/\/support.apple.com\/en-in\/guide\/safari\/sfri11471\/mac<\/a>\r\n\r\nFirefox: <a href=\"https:\/\/support.mozilla.org\/en-US\/kb\/clear-cookies-and-site-data-firefox?redirectslug=delete-cookies-remove-info-websites-stored&amp;redirectlocale=en-US\" target=\"_new\" rel=\"noopener\">https:\/\/support.mozilla.org\/en-US\/kb\/clear-cookies-and-site-data-firefox?redirectslug=delete-cookies-remove-info-websites-stored&amp;redirectlocale=en-US<\/a>\r\n\r\nInternet Explorer: <a href=\"https:\/\/support.microsoft.com\/en-us\/topic\/how-to-delete-cookie-files-in-internet-explorer-bca9446f-d873-78de-77ba-d42645fa52fc\" target=\"_new\" rel=\"noopener\">https:\/\/support.microsoft.com\/en-us\/topic\/how-to-delete-cookie-files-in-internet-explorer-bca9446f-d873-78de-77ba-d42645fa52fc<\/a>\r\n\r\nWenn Sie einen anderen Webbrowser verwenden, besuchen Sie bitte die offiziellen Supportseiten f\u00fcr Ihren Browser.\r\n\r\nDiese Cookie-Richtlinie wurde mit dem <a href=\"https:\/\/www.cookieyes.com\/?utm_source=CP&amp;utm_medium=footer&amp;utm_campaign=UW\" target=\"_blank\" rel=\"noopener\">CookieYes &#8211; Cookie Policy Generator<\/a> erstellt.\r\n\r\n<\/div>\t\t\t\t\t\t\t\t<\/div>\n\t\t\t\t<\/div>\n\t\t\t\t\t<\/div>\n\t\t\t\t<\/div>\n\t\t<div class=\"elementor-element elementor-element-8fa570c e-flex e-con-boxed e-con e-parent\" data-id=\"8fa570c\" data-element_type=\"container\" data-e-type=\"container\">\n\t\t\t\t\t<div class=\"e-con-inner\">\n\t\t\t\t<div class=\"elementor-element elementor-element-d45bf0e elementor-invisible elementor-widget elementor-widget-heading\" data-id=\"d45bf0e\" data-element_type=\"widget\" data-e-type=\"widget\" data-settings=\"{&quot;_animation&quot;:&quot;fadeInUp&quot;}\" data-widget_type=\"heading.default\">\n\t\t\t\t<div class=\"elementor-widget-container\">\n\t\t\t\t\t<h2 class=\"elementor-heading-title elementor-size-default\">Warum Cookies aktivieren?<\/h2>\t\t\t\t<\/div>\n\t\t\t\t<\/div>\n\t\t\t\t<div class=\"elementor-element elementor-element-ad2b3b6 elementor-invisible elementor-widget elementor-widget-text-editor\" data-id=\"ad2b3b6\" data-element_type=\"widget\" data-e-type=\"widget\" data-settings=\"{&quot;_animation&quot;:&quot;fadeInUp&quot;}\" data-widget_type=\"text-editor.default\">\n\t\t\t\t<div class=\"elementor-widget-container\">\n\t\t\t\t\t\t\t\t\t<p>Um alle Funktionen und Inhalte unserer Website vollst\u00e4ndig nutzen zu k\u00f6nnen, wird empfohlen, Cookies zu aktivieren. Ohne sie wird Ihr Besuch in Bezug auf Funktionen und Benutzererfahrung eingeschr\u00e4nkt sein.<\/p>\n\t\t\t\t\t\t\t\t<\/div>\n\t\t\t\t<\/div>\n\t\t\t\t\t<\/div>\n\t\t\t\t<\/div>\n\t\t\t\t<\/div>\n\t\t","protected":false},"excerpt":{"rendered":"<p>Cookies F\u00fcr ein besseres Benutzererlebnis auf unserer Website. Cookies: Richtlinien und Informationen Um Ihre Benutzererfahrung auf unserer Website zu verbessern und sie angenehmer zu gestalten, verwenden wir die Technologie &#8222;Cookies&#8220;. G\u00fcltig ab: 11.12.2023 Zuletzt aktualisiert: 14.12.2023 Diese Richtlinie zu Internet-Cookies erl\u00e4utert, was Cookies sind, wie wir sie verwenden, die Arten von Cookies, die wir verwenden [&hellip;]<\/p>\n","protected":false},"author":2,"featured_media":0,"parent":0,"menu_order":0,"comment_status":"closed","ping_status":"closed","template":"","meta":{"site-sidebar-layout":"no-sidebar","site-content-layout":"page-builder","ast-site-content-layout":"default","site-content-style":"default","site-sidebar-style":"default","ast-global-header-display":"","ast-banner-title-visibility":"","ast-main-header-display":"","ast-hfb-above-header-display":"","ast-hfb-below-header-display":"","ast-hfb-mobile-header-display":"","site-post-title":"disabled","ast-breadcrumbs-content":"","ast-featured-img":"disabled","footer-sml-layout":"","ast-disable-related-posts":"","theme-transparent-header-meta":"enabled","adv-header-id-meta":"","stick-header-meta":"","header-above-stick-meta":"","header-main-stick-meta":"","header-below-stick-meta":"","astra-migrate-meta-layouts":"default","ast-page-background-enabled":"default","ast-page-background-meta":{"desktop":{"background-color":"","background-image":"","background-repeat":"repeat","background-position":"center center","background-size":"auto","background-attachment":"scroll","background-type":"","background-media":"","overlay-type":"","overlay-color":"","overlay-opacity":"","overlay-gradient":""},"tablet":{"background-color":"","background-image":"","background-repeat":"repeat","background-position":"center center","background-size":"auto","background-attachment":"scroll","background-type":"","background-media":"","overlay-type":"","overlay-color":"","overlay-opacity":"","overlay-gradient":""},"mobile":{"background-color":"","background-image":"","background-repeat":"repeat","background-position":"center center","background-size":"auto","background-attachment":"scroll","background-type":"","background-media":"","overlay-type":"","overlay-color":"","overlay-opacity":"","overlay-gradient":""}},"ast-content-background-meta":{"desktop":{"background-color":"var(--ast-global-color-5)","background-image":"","background-repeat":"repeat","background-position":"center center","background-size":"auto","background-attachment":"scroll","background-type":"","background-media":"","overlay-type":"","overlay-color":"","overlay-opacity":"","overlay-gradient":""},"tablet":{"background-color":"var(--ast-global-color-5)","background-image":"","background-repeat":"repeat","background-position":"center center","background-size":"auto","background-attachment":"scroll","background-type":"","background-media":"","overlay-type":"","overlay-color":"","overlay-opacity":"","overlay-gradient":""},"mobile":{"background-color":"var(--ast-global-color-5)","background-image":"","background-repeat":"repeat","background-position":"center center","background-size":"auto","background-attachment":"scroll","background-type":"","background-media":"","overlay-type":"","overlay-color":"","overlay-opacity":"","overlay-gradient":""}},"footnotes":""},"class_list":["post-7423","page","type-page","status-publish","hentry"],"_links":{"self":[{"href":"https:\/\/kofra.si\/de\/wp-json\/wp\/v2\/pages\/7423","targetHints":{"allow":["GET"]}}],"collection":[{"href":"https:\/\/kofra.si\/de\/wp-json\/wp\/v2\/pages"}],"about":[{"href":"https:\/\/kofra.si\/de\/wp-json\/wp\/v2\/types\/page"}],"author":[{"embeddable":true,"href":"https:\/\/kofra.si\/de\/wp-json\/wp\/v2\/users\/2"}],"replies":[{"embeddable":true,"href":"https:\/\/kofra.si\/de\/wp-json\/wp\/v2\/comments?post=7423"}],"version-history":[{"count":4,"href":"https:\/\/kofra.si\/de\/wp-json\/wp\/v2\/pages\/7423\/revisions"}],"predecessor-version":[{"id":7467,"href":"https:\/\/kofra.si\/de\/wp-json\/wp\/v2\/pages\/7423\/revisions\/7467"}],"wp:attachment":[{"href":"https:\/\/kofra.si\/de\/wp-json\/wp\/v2\/media?parent=7423"}],"curies":[{"name":"wp","href":"https:\/\/api.w.org\/{rel}","templated":true}]}}